{"id":95,"date":"2021-09-21T17:46:57","date_gmt":"2021-09-21T15:46:57","guid":{"rendered":"http:\/\/aureliebranche.com\/?page_id=95"},"modified":"2024-10-01T13:19:03","modified_gmt":"2024-10-01T11:19:03","slug":"harmonisation-lieu-de-vie","status":"publish","type":"page","link":"http:\/\/aureliebranche.com\/?page_id=95","title":{"rendered":"Harmonisation lieu de vie"},"content":{"rendered":"\n<figure class=\"wp-block-gallery columns-1 is-cropped\"><ul class=\"blocks-gallery-grid\"><li class=\"blocks-gallery-item\"><figure><img loading=\"lazy\" width=\"1024\" height=\"768\" src=\"https:\/\/aureliebranche.com\/wp-content\/uploads\/2021\/09\/IMG-20210621-WA0000-1024x768.jpg\" alt=\"\" data-id=\"116\" data-link=\"https:\/\/aureliebranche.com\/?attachment_id=116\" class=\"wp-image-116\" srcset=\"http:\/\/aureliebranche.com\/wp-content\/uploads\/2021\/09\/IMG-20210621-WA0000-1024x768.jpg 1024w, http:\/\/aureliebranche.com\/wp-content\/uploads\/2021\/09\/IMG-20210621-WA0000-300x225.jpg 300w, http:\/\/aureliebranche.com\/wp-content\/uploads\/2021\/09\/IMG-20210621-WA0000-768x576.jpg 768w, http:\/\/aureliebranche.com\/wp-content\/uploads\/2021\/09\/IMG-20210621-WA0000.jpg 1440w\" sizes=\"(max-width: 767px) 89vw, (max-width: 1000px) 54vw, (max-width: 1071px) 543px, 580px\" \/><\/figure><\/li><\/ul><\/figure>\n\n\n\n<figure class=\"wp-block-image size-large is-resized\"><img loading=\"lazy\" src=\"http:\/\/aureliebranche.com\/wp-content\/uploads\/2021\/09\/Logo_SPMS_CMJN-2-1024x247.jpg\" alt=\"\" class=\"wp-image-127\" width=\"238\" height=\"57\" srcset=\"http:\/\/aureliebranche.com\/wp-content\/uploads\/2021\/09\/Logo_SPMS_CMJN-2-1024x247.jpg 1024w, http:\/\/aureliebranche.com\/wp-content\/uploads\/2021\/09\/Logo_SPMS_CMJN-2-300x73.jpg 300w, http:\/\/aureliebranche.com\/wp-content\/uploads\/2021\/09\/Logo_SPMS_CMJN-2-768x186.jpg 768w, http:\/\/aureliebranche.com\/wp-content\/uploads\/2021\/09\/Logo_SPMS_CMJN-2-1536x371.jpg 1536w, http:\/\/aureliebranche.com\/wp-content\/uploads\/2021\/09\/Logo_SPMS_CMJN-2-2048x495.jpg 2048w\" sizes=\"(max-width: 238px) 100vw, 238px\" \/><\/figure>\n\n\n\n<p>En bin\u00f4me avec <strong>Graziella Bordignon<\/strong> et \u00e0 l&#8217;aide de baguettes coud\u00e9es, nous vous proposons d&#8217;utiliser le miroir habitant\/habitat pour vous accompagner dans vos probl\u00e9matiques du moment (physique, \u00e9motionnelle, relationnelle, qu\u00eate de sens) et\/ou celles de votre lieu de vie ou de travail, seul.e ou en famille, \u00e0 partir d&#8217;une demande.<br> Un compte-rendu vous est envoy\u00e9 apr\u00e8s la s\u00e9ance. <\/p>\n\n\n\n<p>Dur\u00e9e: 2h30<\/p>\n\n\n\n<p>Tarif: 200 \u20ac + frais de d\u00e9placement<\/p>\n\n\n\n<p>Lieu: vall\u00e9e du Gr\u00e9sivaudan<\/p>\n\n\n\n<p><a href=\"http:\/\/www.medecinesymbolique.com\"><em>Lien vers le site de la m\u00e9decine symbolique<\/em><\/a><\/p>\n","protected":false},"excerpt":{"rendered":"<p>En bin\u00f4me avec Graziella Bordignon et \u00e0 l&#8217;aide de baguettes coud\u00e9es, nous vous proposons d&#8217;utiliser le miroir habitant\/habitat pour vous accompagner dans vos probl\u00e9matiques du moment (physique, \u00e9motionnelle, relationnelle, qu\u00eate de sens) et\/ou celles de votre lieu de vie ou de travail, seul.e ou en famille, \u00e0 partir d&#8217;une demande. Un compte-rendu vous est envoy\u00e9 &hellip; <\/p>\n<p class=\"link-more\"><a href=\"http:\/\/aureliebranche.com\/?page_id=95\" class=\"more-link\">Continue reading<span class=\"screen-reader-text\"> &#8220;Harmonisation lieu de vie&#8221;<\/span><\/a><\/p>\n","protected":false},"author":1,"featured_media":0,"parent":0,"menu_order":0,"comment_status":"closed","ping_status":"closed","template":"","meta":[],"_links":{"self":[{"href":"http:\/\/aureliebranche.com\/index.php?rest_route=\/wp\/v2\/pages\/95"}],"collection":[{"href":"http:\/\/aureliebranche.com\/index.php?rest_route=\/wp\/v2\/pages"}],"about":[{"href":"http:\/\/aureliebranche.com\/index.php?rest_route=\/wp\/v2\/types\/page"}],"author":[{"embeddable":true,"href":"http:\/\/aureliebranche.com\/index.php?rest_route=\/wp\/v2\/users\/1"}],"replies":[{"embeddable":true,"href":"http:\/\/aureliebranche.com\/index.php?rest_route=%2Fwp%2Fv2%2Fcomments&post=95"}],"version-history":[{"count":9,"href":"http:\/\/aureliebranche.com\/index.php?rest_route=\/wp\/v2\/pages\/95\/revisions"}],"predecessor-version":[{"id":255,"href":"http:\/\/aureliebranche.com\/index.php?rest_route=\/wp\/v2\/pages\/95\/revisions\/255"}],"wp:attachment":[{"href":"http:\/\/aureliebranche.com\/index.php?rest_route=%2Fwp%2Fv2%2Fmedia&parent=95"}],"curies":[{"name":"wp","href":"https:\/\/api.w.org\/{rel}","templated":true}]}}