{"id":89,"date":"2021-09-21T17:40:47","date_gmt":"2021-09-21T15:40:47","guid":{"rendered":"http:\/\/aureliebranche.com\/?page_id=89"},"modified":"2024-10-01T13:18:19","modified_gmt":"2024-10-01T11:18:19","slug":"soins-en-medecine-symbolique","status":"publish","type":"page","link":"http:\/\/aureliebranche.com\/?page_id=89","title":{"rendered":"Soins en m\u00e9decine symbolique"},"content":{"rendered":"\n<figure class=\"wp-block-image size-large is-resized\"><img loading=\"lazy\" src=\"http:\/\/aureliebranche.com\/wp-content\/uploads\/2020\/11\/cropped-20200617_113930-1024x614.jpg\" alt=\"\" class=\"wp-image-14\" width=\"648\" height=\"388\" srcset=\"http:\/\/aureliebranche.com\/wp-content\/uploads\/2020\/11\/cropped-20200617_113930-1024x614.jpg 1024w, http:\/\/aureliebranche.com\/wp-content\/uploads\/2020\/11\/cropped-20200617_113930-300x180.jpg 300w, http:\/\/aureliebranche.com\/wp-content\/uploads\/2020\/11\/cropped-20200617_113930-768x461.jpg 768w, http:\/\/aureliebranche.com\/wp-content\/uploads\/2020\/11\/cropped-20200617_113930.jpg 2000w\" sizes=\"(max-width: 648px) 100vw, 648px\" \/><\/figure>\n\n\n\n<figure class=\"wp-block-image size-large is-resized\"><img loading=\"lazy\" src=\"http:\/\/aureliebranche.com\/wp-content\/uploads\/2021\/09\/Logo_SPMS_CMJN-1024x247.jpg\" alt=\"\" class=\"wp-image-124\" width=\"189\" height=\"45\" srcset=\"http:\/\/aureliebranche.com\/wp-content\/uploads\/2021\/09\/Logo_SPMS_CMJN-1024x247.jpg 1024w, http:\/\/aureliebranche.com\/wp-content\/uploads\/2021\/09\/Logo_SPMS_CMJN-300x73.jpg 300w, http:\/\/aureliebranche.com\/wp-content\/uploads\/2021\/09\/Logo_SPMS_CMJN-768x186.jpg 768w, http:\/\/aureliebranche.com\/wp-content\/uploads\/2021\/09\/Logo_SPMS_CMJN-1536x371.jpg 1536w, http:\/\/aureliebranche.com\/wp-content\/uploads\/2021\/09\/Logo_SPMS_CMJN-2048x495.jpg 2048w\" sizes=\"(max-width: 189px) 100vw, 189px\" \/><\/figure>\n\n\n\n<p>En bin\u00f4me avec <strong>Graziella Bordignon<\/strong> et \u00e0 l&#8217;aide de baguettes coud\u00e9es, nous vous proposons de vous accompagner dans un soin adapt\u00e9 \u00e0 vos probl\u00e9matiques (physique, \u00e9motionnelle, relationnelle, qu\u00eate de sens), \u00e0 partir d&#8217;une demande.<br> Un compte-rendu vous est envoy\u00e9 apr\u00e8s la s\u00e9ance. <br><\/p>\n\n\n\n<p>Dur\u00e9e: 1h30<\/p>\n\n\n\n<p>Tarif: 80 \u20ac pour 1 personne &#8211; 90 \u20ac pour 2 personnes (couple, parent\/enfant, fratrie, &#8230;)<\/p>\n\n\n\n<p>Lieu: 83 rue de l&#8217;\u00e9cluse \u00e0 la Terrasse<\/p>\n\n\n\n<p><a href=\"http:\/\/www.medecinesymbolique.com\"><em>Lien vers le site de la m\u00e9decine symbolique<\/em><\/a><\/p>\n","protected":false},"excerpt":{"rendered":"<p>En bin\u00f4me avec Graziella Bordignon et \u00e0 l&#8217;aide de baguettes coud\u00e9es, nous vous proposons de vous accompagner dans un soin adapt\u00e9 \u00e0 vos probl\u00e9matiques (physique, \u00e9motionnelle, relationnelle, qu\u00eate de sens), \u00e0 partir d&#8217;une demande. Un compte-rendu vous est envoy\u00e9 apr\u00e8s la s\u00e9ance. Dur\u00e9e: 1h30 Tarif: 80 \u20ac pour 1 personne &#8211; 90 \u20ac pour 2 &hellip; <\/p>\n<p class=\"link-more\"><a href=\"http:\/\/aureliebranche.com\/?page_id=89\" class=\"more-link\">Continue reading<span class=\"screen-reader-text\"> &#8220;Soins en m\u00e9decine symbolique&#8221;<\/span><\/a><\/p>\n","protected":false},"author":1,"featured_media":0,"parent":0,"menu_order":0,"comment_status":"closed","ping_status":"closed","template":"","meta":[],"_links":{"self":[{"href":"http:\/\/aureliebranche.com\/index.php?rest_route=\/wp\/v2\/pages\/89"}],"collection":[{"href":"http:\/\/aureliebranche.com\/index.php?rest_route=\/wp\/v2\/pages"}],"about":[{"href":"http:\/\/aureliebranche.com\/index.php?rest_route=\/wp\/v2\/types\/page"}],"author":[{"embeddable":true,"href":"http:\/\/aureliebranche.com\/index.php?rest_route=\/wp\/v2\/users\/1"}],"replies":[{"embeddable":true,"href":"http:\/\/aureliebranche.com\/index.php?rest_route=%2Fwp%2Fv2%2Fcomments&post=89"}],"version-history":[{"count":14,"href":"http:\/\/aureliebranche.com\/index.php?rest_route=\/wp\/v2\/pages\/89\/revisions"}],"predecessor-version":[{"id":254,"href":"http:\/\/aureliebranche.com\/index.php?rest_route=\/wp\/v2\/pages\/89\/revisions\/254"}],"wp:attachment":[{"href":"http:\/\/aureliebranche.com\/index.php?rest_route=%2Fwp%2Fv2%2Fmedia&parent=89"}],"curies":[{"name":"wp","href":"https:\/\/api.w.org\/{rel}","templated":true}]}}