{"id":205,"date":"2024-04-29T12:01:34","date_gmt":"2024-04-29T10:01:34","guid":{"rendered":"http:\/\/aureliebranche.com\/?page_id=205"},"modified":"2025-10-04T18:36:52","modified_gmt":"2025-10-04T16:36:52","slug":"yoga","status":"publish","type":"page","link":"http:\/\/aureliebranche.com\/?page_id=205","title":{"rendered":"Yoga"},"content":{"rendered":"\n<figure class=\"wp-block-image size-large is-style-rounded\"><img loading=\"lazy\" width=\"1024\" height=\"768\" src=\"http:\/\/aureliebranche.com\/wp-content\/uploads\/2024\/07\/IMG_20240520_202625-1024x768.jpg\" alt=\"\" class=\"wp-image-236\" srcset=\"http:\/\/aureliebranche.com\/wp-content\/uploads\/2024\/07\/IMG_20240520_202625-1024x768.jpg 1024w, http:\/\/aureliebranche.com\/wp-content\/uploads\/2024\/07\/IMG_20240520_202625-300x225.jpg 300w, http:\/\/aureliebranche.com\/wp-content\/uploads\/2024\/07\/IMG_20240520_202625-768x576.jpg 768w, http:\/\/aureliebranche.com\/wp-content\/uploads\/2024\/07\/IMG_20240520_202625-1536x1152.jpg 1536w, http:\/\/aureliebranche.com\/wp-content\/uploads\/2024\/07\/IMG_20240520_202625-2048x1536.jpg 2048w\" sizes=\"(max-width: 767px) 89vw, (max-width: 1000px) 54vw, (max-width: 1071px) 543px, 580px\" \/><\/figure>\n\n\n\n<ul><li><strong>Yoga pour enfants<\/strong><br>Form\u00e9e par l&#8217;\u00e9cole Namaste Yoga \u00e0 Grenoble (Christel Cornu), je propose des ateliers de yoga pour enfants en structures : cr\u00e8che, relais petite enfance, centre de loisirs, \u00e9coles maternelle &amp; primaire et des ateliers mensuels au sein de l&#8217;association Yogahimsa.<br>Le yoga pour enfants permet d&#8217;accompagner le d\u00e9veloppement psycho-moteur de l&#8217;enfant \u00e0 partir de l&#8217;\u00e2ge de la marche, et \u00e9galement les d\u00e9veloppements sensoriel, \u00e9motionnel et social.<br><br><strong>Ateliers en structure<\/strong> : dur\u00e9e entre 30 minutes et 1h suivant l&#8217;\u00e2ge des enfants, par groupes de 6 \u00e0 8 enfants, en pr\u00e9sence d&#8217;au moins une professionnelle.<br>Des ateliers adultes+enfants peuvent venir compl\u00e9ter mon intervention.<br><br><strong>Ateliers mensuels pour les 6-9 ans<\/strong> : au magasin Biocoop de Pontcharra<br>&#8211; Mercredi 22 octobre 2025 de 14h \u00e0 16h<br>&#8211; Mercredi 12 novembre 2025 de 14h \u00e0 16h<br>&#8211; Mercredi 10 d\u00e9cembre 2025 de 14h \u00e0 16h<br>Sur le th\u00e8me : &#8220;<em>Confiance en soi et cr\u00e9ativit\u00e9<\/em>&#8220;<br><br><\/li><li><strong>S\u00e9ances de Yoga et m\u00e9ditation pour adultes<\/strong><br>Au sein de l&#8217;association Yogahimsa, je propose des cours hebdomadaires de Yoga et de m\u00e9ditation, ainsi que des ateliers mensuels de m\u00e9ditation. <br><br><em>Par l\u2019alliance du souffle et des postures, je vous propose un retour au corps pour d\u00e9velopper votre \u00e9coute int\u00e9rieure, un chemin vers soi.<\/em><br><br>D\u00e9tails des cours sur demande.<br>Prochaines dates d&#8217;ateliers m\u00e9ditation : <strong>14 octobre, 25 novembre, 9 d\u00e9cembre 2025<\/strong>.<br><\/li><\/ul>\n","protected":false},"excerpt":{"rendered":"<p>Yoga pour enfantsForm\u00e9e par l&#8217;\u00e9cole Namaste Yoga \u00e0 Grenoble (Christel Cornu), je propose des ateliers de yoga pour enfants en structures : cr\u00e8che, relais petite enfance, centre de loisirs, \u00e9coles maternelle &amp; primaire et des ateliers mensuels au sein de l&#8217;association Yogahimsa.Le yoga pour enfants permet d&#8217;accompagner le d\u00e9veloppement psycho-moteur de l&#8217;enfant \u00e0 partir de &hellip; <\/p>\n<p class=\"link-more\"><a href=\"http:\/\/aureliebranche.com\/?page_id=205\" class=\"more-link\">Continue reading<span class=\"screen-reader-text\"> &#8220;Yoga&#8221;<\/span><\/a><\/p>\n","protected":false},"author":1,"featured_media":0,"parent":0,"menu_order":0,"comment_status":"closed","ping_status":"closed","template":"","meta":[],"_links":{"self":[{"href":"http:\/\/aureliebranche.com\/index.php?rest_route=\/wp\/v2\/pages\/205"}],"collection":[{"href":"http:\/\/aureliebranche.com\/index.php?rest_route=\/wp\/v2\/pages"}],"about":[{"href":"http:\/\/aureliebranche.com\/index.php?rest_route=\/wp\/v2\/types\/page"}],"author":[{"embeddable":true,"href":"http:\/\/aureliebranche.com\/index.php?rest_route=\/wp\/v2\/users\/1"}],"replies":[{"embeddable":true,"href":"http:\/\/aureliebranche.com\/index.php?rest_route=%2Fwp%2Fv2%2Fcomments&post=205"}],"version-history":[{"count":13,"href":"http:\/\/aureliebranche.com\/index.php?rest_route=\/wp\/v2\/pages\/205\/revisions"}],"predecessor-version":[{"id":306,"href":"http:\/\/aureliebranche.com\/index.php?rest_route=\/wp\/v2\/pages\/205\/revisions\/306"}],"wp:attachment":[{"href":"http:\/\/aureliebranche.com\/index.php?rest_route=%2Fwp%2Fv2%2Fmedia&parent=205"}],"curies":[{"name":"wp","href":"https:\/\/api.w.org\/{rel}","templated":true}]}}