{"id":157,"date":"2023-06-13T15:19:14","date_gmt":"2023-06-13T13:19:14","guid":{"rendered":"http:\/\/aureliebranche.com\/?page_id=157"},"modified":"2024-10-01T13:19:30","modified_gmt":"2024-10-01T11:19:30","slug":"soin-cavalier-e-cheval","status":"publish","type":"page","link":"http:\/\/aureliebranche.com\/?page_id=157","title":{"rendered":"Soin Cavalier.e\/Cheval"},"content":{"rendered":"\n<figure class=\"wp-block-image size-large is-resized\"><img loading=\"lazy\" src=\"http:\/\/aureliebranche.com\/wp-content\/uploads\/2023\/06\/Cheval-768x1024.jpg\" alt=\"\" class=\"wp-image-165\" width=\"384\" height=\"512\" srcset=\"http:\/\/aureliebranche.com\/wp-content\/uploads\/2023\/06\/Cheval-768x1024.jpg 768w, http:\/\/aureliebranche.com\/wp-content\/uploads\/2023\/06\/Cheval-225x300.jpg 225w, http:\/\/aureliebranche.com\/wp-content\/uploads\/2023\/06\/Cheval-1152x1536.jpg 1152w, http:\/\/aureliebranche.com\/wp-content\/uploads\/2023\/06\/Cheval.jpg 1200w\" sizes=\"(max-width: 384px) 100vw, 384px\" \/><figcaption><em>Credit photo Graziella Bordignon<\/em><\/figcaption><\/figure>\n\n\n\n<p>En bin\u00f4me avec&nbsp;<strong>Graziella Bordignon<\/strong>&nbsp;et \u00e0 l\u2019aide de baguettes coud\u00e9es, nous proposons de vous accompagner dans un soin pour vous (propri\u00e9taire) et votre cheval, \u00e0 partir d&#8217;une demande (probl\u00e8me physique, \u00e9motionnel du cheval, probl\u00e9matique relationnelle cavalier.e\/cheval, &#8230;).<br>Un compte-rendu vous est envoy\u00e9 apr\u00e8s la s\u00e9ance.<\/p>\n\n\n\n<p>Dur\u00e9e: 1h30<\/p>\n\n\n\n<p>Tarif: 100 \u20ac + frais de d\u00e9placement<\/p>\n\n\n\n<p>Lieu: Is\u00e8re<\/p>\n\n\n\n<p><a href=\"http:\/\/www.medecinesymbolique.com\"><em>Lien vers le site de la m\u00e9decine symbolique<\/em><\/a><\/p>\n","protected":false},"excerpt":{"rendered":"<p>En bin\u00f4me avec&nbsp;Graziella Bordignon&nbsp;et \u00e0 l\u2019aide de baguettes coud\u00e9es, nous proposons de vous accompagner dans un soin pour vous (propri\u00e9taire) et votre cheval, \u00e0 partir d&#8217;une demande (probl\u00e8me physique, \u00e9motionnel du cheval, probl\u00e9matique relationnelle cavalier.e\/cheval, &#8230;).Un compte-rendu vous est envoy\u00e9 apr\u00e8s la s\u00e9ance. Dur\u00e9e: 1h30 Tarif: 100 \u20ac + frais de d\u00e9placement Lieu: Is\u00e8re Lien &hellip; <\/p>\n<p class=\"link-more\"><a href=\"http:\/\/aureliebranche.com\/?page_id=157\" class=\"more-link\">Continue reading<span class=\"screen-reader-text\"> &#8220;Soin Cavalier.e\/Cheval&#8221;<\/span><\/a><\/p>\n","protected":false},"author":1,"featured_media":0,"parent":0,"menu_order":0,"comment_status":"closed","ping_status":"closed","template":"","meta":[],"_links":{"self":[{"href":"http:\/\/aureliebranche.com\/index.php?rest_route=\/wp\/v2\/pages\/157"}],"collection":[{"href":"http:\/\/aureliebranche.com\/index.php?rest_route=\/wp\/v2\/pages"}],"about":[{"href":"http:\/\/aureliebranche.com\/index.php?rest_route=\/wp\/v2\/types\/page"}],"author":[{"embeddable":true,"href":"http:\/\/aureliebranche.com\/index.php?rest_route=\/wp\/v2\/users\/1"}],"replies":[{"embeddable":true,"href":"http:\/\/aureliebranche.com\/index.php?rest_route=%2Fwp%2Fv2%2Fcomments&post=157"}],"version-history":[{"count":8,"href":"http:\/\/aureliebranche.com\/index.php?rest_route=\/wp\/v2\/pages\/157\/revisions"}],"predecessor-version":[{"id":256,"href":"http:\/\/aureliebranche.com\/index.php?rest_route=\/wp\/v2\/pages\/157\/revisions\/256"}],"wp:attachment":[{"href":"http:\/\/aureliebranche.com\/index.php?rest_route=%2Fwp%2Fv2%2Fmedia&parent=157"}],"curies":[{"name":"wp","href":"https:\/\/api.w.org\/{rel}","templated":true}]}}